{"id":163,"date":"2025-04-09T19:23:10","date_gmt":"2025-04-10T01:23:10","guid":{"rendered":"https:\/\/rienproceso.blog\/?page_id=163"},"modified":"2025-04-22T12:59:15","modified_gmt":"2025-04-22T18:59:15","slug":"tarjetas-informativas","status":"publish","type":"page","link":"https:\/\/rienproceso.blog\/?page_id=163","title":{"rendered":"Tarjetas Informativas"},"content":{"rendered":"\n<p class=\"has-contrast-color has-accent-4-background-color has-text-color has-background has-link-color wp-elements-cc40d43e89449410ed5b3ac293e69d6d\"><a href=\"https:\/\/rienproceso.blog\/?cat=13\">Todas las tarjetas informativas aqu\u00ed<\/a><\/p>\n\n\n\n<h3 class=\"wp-block-heading\">Tarjetas Informativas <em>Recientes<\/em><\/h3>\n\n\n<ul class=\"wp-block-latest-posts__list has-dates has-author wp-block-latest-posts\"><li><a class=\"wp-block-latest-posts__post-title\" href=\"https:\/\/rienproceso.blog\/?p=282\">Conflicto Nagorno-Karabaj<\/a><div class=\"wp-block-latest-posts__post-author\">por Ariadna Ximena Rodr\u00edguez Torres<\/div><time datetime=\"2025-05-12T23:39:09-06:00\" class=\"wp-block-latest-posts__post-date\">12 mayo, 2025<\/time><\/li>\n<li><a class=\"wp-block-latest-posts__post-title\" href=\"https:\/\/rienproceso.blog\/?p=279\">Conflicto India &#8211; Pakist\u00e1n<\/a><div class=\"wp-block-latest-posts__post-author\">por Andrea Landgrave Espino<\/div><time datetime=\"2025-05-12T18:39:37-06:00\" class=\"wp-block-latest-posts__post-date\">12 mayo, 2025<\/time><\/li>\n<li><a class=\"wp-block-latest-posts__post-title\" href=\"https:\/\/rienproceso.blog\/?p=261\">Conflicto India-Pakist\u00e1n<\/a><div class=\"wp-block-latest-posts__post-author\">por Ariadna Ximena Rodr\u00edguez Torres<\/div><time datetime=\"2025-05-11T16:57:45-06:00\" class=\"wp-block-latest-posts__post-date\">11 mayo, 2025<\/time><\/li>\n<li><a class=\"wp-block-latest-posts__post-title\" href=\"https:\/\/rienproceso.blog\/?p=256\">El Conflicto de Nagorno Karabaj<\/a><div class=\"wp-block-latest-posts__post-author\">por Elva Carolina Escamilla V\u00e1zquez<\/div><time datetime=\"2025-05-10T22:58:15-06:00\" class=\"wp-block-latest-posts__post-date\">10 mayo, 2025<\/time><\/li>\n<li><a class=\"wp-block-latest-posts__post-title\" href=\"https:\/\/rienproceso.blog\/?p=241\">(sin t\u00edtulo)<\/a><div class=\"wp-block-latest-posts__post-author\">por Hitomi Olguin<\/div><time datetime=\"2025-05-07T23:52:05-06:00\" class=\"wp-block-latest-posts__post-date\">7 mayo, 2025<\/time><\/li>\n<li><a class=\"wp-block-latest-posts__post-title\" href=\"https:\/\/rienproceso.blog\/?p=247\">Conflicto India-Pakistan<\/a><div class=\"wp-block-latest-posts__post-author\">por Laura Lazcano<\/div><time datetime=\"2025-05-07T23:37:00-06:00\" class=\"wp-block-latest-posts__post-date\">7 mayo, 2025<\/time><\/li>\n<li><a class=\"wp-block-latest-posts__post-title\" href=\"https:\/\/rienproceso.blog\/?p=236\">Escocia y su impacto Geopol\u00edtico<\/a><div class=\"wp-block-latest-posts__post-author\">por Julia Alejandra Barba Ortiz<\/div><time datetime=\"2025-05-06T17:05:52-06:00\" class=\"wp-block-latest-posts__post-date\">6 mayo, 2025<\/time><\/li>\n<li><a class=\"wp-block-latest-posts__post-title\" href=\"https:\/\/rienproceso.blog\/?p=231\">El conflicto de Nagorno-Karabaj<\/a><div class=\"wp-block-latest-posts__post-author\">por Julia Alejandra Barba Ortiz<\/div><time datetime=\"2025-05-04T16:20:48-06:00\" class=\"wp-block-latest-posts__post-date\">4 mayo, 2025<\/time><\/li>\n<\/ul>\n\n\n<h2 class=\"wp-block-heading\">Entradas por Usuario<\/h2>\n\n\n\n<p><a href=\"https:\/\/rienproceso.blog\/?page_id=8&amp;um_user=andrea+landgrave&amp;profiletab=posts\" data-type=\"link\" data-id=\"https:\/\/rienproceso.blog\/?page_id=8&amp;um_user=andrea+landgrave\">Andrea Landgrave <\/a><\/p>\n\n\n\n<p><a href=\"https:\/\/rienproceso.blog\/?page_id=8&amp;um_user=antonio+curiel&amp;profiletab=posts\" data-type=\"link\" data-id=\"https:\/\/rienproceso.blog\/?page_id=8&amp;um_user=antonio+curiel\">Antonio Curiel<\/a><\/p>\n\n\n\n<p><a href=\"https:\/\/rienproceso.blog\/?page_id=8&amp;um_user=caroo_escaa&amp;profiletab=posts\">Elva Carolina<\/a><\/p>\n\n\n\n<p><a href=\"https:\/\/rienproceso.blog\/?page_id=8&amp;um_user=fernzy&amp;profiletab=posts\">Fernanda P\u00e9rez <\/a><\/p>\n\n\n\n<p><a href=\"https:\/\/rienproceso.blog\/?page_id=8&amp;um_user=hitomi+olguin&amp;profiletab=posts\">Hitomi Olguin<\/a><\/p>\n\n\n\n<p><a href=\"https:\/\/rienproceso.blog\/?page_id=8&amp;um_user=john14044&amp;profiletab=posts\">Jonathan David <\/a><\/p>\n\n\n\n<p><a href=\"https:\/\/rienproceso.blog\/?page_id=8&amp;um_user=julia+barba&amp;profiletab=posts\">Julia Alejandra<\/a><\/p>\n\n\n\n<p><a href=\"https:\/\/rienproceso.blog\/?page_id=8&amp;um_user=lau10&amp;profiletab=posts\">Laura Lazcano<\/a><\/p>\n\n\n\n<p><a href=\"https:\/\/rienproceso.blog\/?page_id=8&amp;um_user=q+riana&amp;profiletab=posts\">Quinn Riana<\/a><\/p>\n\n\n\n<p><a href=\"https:\/\/rienproceso.blog\/?page_id=8&amp;um_user=regina_rdz&amp;profiletab=posts\">Regina Rodr\u00edguez<\/a><\/p>\n\n\n\n<p><a href=\"https:\/\/rienproceso.blog\/?page_id=8&amp;um_user=ricardo_crguez&amp;profiletab=posts\">Ricardo Calderon<\/a><\/p>\n\n\n\n<p><a href=\"https:\/\/rienproceso.blog\/?page_id=8&amp;um_user=rosa+erendira&amp;profiletab=posts\">Rosa Erendira<\/a><\/p>\n\n\n\n<p><a href=\"https:\/\/rienproceso.blog\/?page_id=8&amp;um_user=ximena.duran&amp;profiletab=posts\" data-type=\"link\" data-id=\"https:\/\/rienproceso.blog\/?page_id=8&amp;um_user=ximena.duran&amp;profiletab=posts\">Ximena Duran<\/a><\/p>\n\n\n\n<p><\/p>\n","protected":false},"excerpt":{"rendered":"<p>Todas las tarjetas informativas aqu\u00ed Tarjetas Informativas Recientes Entradas por Usuario Andrea Landgrave Antonio Curiel Elva Carolina Fernanda P\u00e9rez Hitomi Olguin Jonathan David Julia Alejandra Laura Lazcano Quinn Riana Regina Rodr\u00edguez Ricardo Calderon Rosa Erendira Ximena Duran<\/p>\n","protected":false},"author":2,"featured_media":0,"parent":0,"menu_order":0,"comment_status":"closed","ping_status":"closed","template":"","meta":{"footnotes":""},"class_list":["post-163","page","type-page","status-publish","hentry"],"_links":{"self":[{"href":"https:\/\/rienproceso.blog\/index.php?rest_route=\/wp\/v2\/pages\/163","targetHints":{"allow":["GET"]}}],"collection":[{"href":"https:\/\/rienproceso.blog\/index.php?rest_route=\/wp\/v2\/pages"}],"about":[{"href":"https:\/\/rienproceso.blog\/index.php?rest_route=\/wp\/v2\/types\/page"}],"author":[{"embeddable":true,"href":"https:\/\/rienproceso.blog\/index.php?rest_route=\/wp\/v2\/users\/2"}],"replies":[{"embeddable":true,"href":"https:\/\/rienproceso.blog\/index.php?rest_route=%2Fwp%2Fv2%2Fcomments&post=163"}],"version-history":[{"count":4,"href":"https:\/\/rienproceso.blog\/index.php?rest_route=\/wp\/v2\/pages\/163\/revisions"}],"predecessor-version":[{"id":192,"href":"https:\/\/rienproceso.blog\/index.php?rest_route=\/wp\/v2\/pages\/163\/revisions\/192"}],"wp:attachment":[{"href":"https:\/\/rienproceso.blog\/index.php?rest_route=%2Fwp%2Fv2%2Fmedia&parent=163"}],"curies":[{"name":"wp","href":"https:\/\/api.w.org\/{rel}","templated":true}]}}